{"id":8709,"date":"2024-05-20T08:33:36","date_gmt":"2024-05-20T08:33:36","guid":{"rendered":"https:\/\/charmholidaysrentals.pt\/cookies\/"},"modified":"2024-11-05T10:48:35","modified_gmt":"2024-11-05T10:48:35","slug":"cookies","status":"publish","type":"page","link":"https:\/\/charmholidaysrentals.pt\/pt-pt\/cookies\/","title":{"rendered":"Cookies"},"content":{"rendered":"\t\t<div data-elementor-type=\"wp-page\" data-elementor-id=\"8709\" class=\"elementor elementor-8709 elementor-8707\">\n\t\t\t\t\t\t<section class=\"elementor-section elementor-top-section elementor-element elementor-element-c5b6c5d elementor-section-boxed elementor-section-height-default elementor-section-height-default\" data-id=\"c5b6c5d\" data-element_type=\"section\">\n\t\t\t\t\t\t<div class=\"elementor-container elementor-column-gap-default\">\n\t\t\t\t\t<div class=\"elementor-column elementor-col-100 elementor-top-column elementor-element elementor-element-ac1165d\" data-id=\"ac1165d\" data-element_type=\"column\">\n\t\t\t<div class=\"elementor-widget-wrap elementor-element-populated\">\n\t\t\t\t\t\t<div class=\"elementor-element elementor-element-15cd0de elementor-widget elementor-widget-text-editor\" data-id=\"15cd0de\" data-element_type=\"widget\" data-widget_type=\"text-editor.default\">\n\t\t\t\t<div class=\"elementor-widget-container\">\n\t\t\t<style>\/*! elementor - v3.21.0 - 08-05-2024 *\/\n.elementor-widget-text-editor.elementor-drop-cap-view-stacked .elementor-drop-cap{background-color:#69727d;color:#fff}.elementor-widget-text-editor.elementor-drop-cap-view-framed .elementor-drop-cap{color:#69727d;border:3px solid;background-color:transparent}.elementor-widget-text-editor:not(.elementor-drop-cap-view-default) .elementor-drop-cap{margin-top:8px}.elementor-widget-text-editor:not(.elementor-drop-cap-view-default) .elementor-drop-cap-letter{width:1em;height:1em}.elementor-widget-text-editor .elementor-drop-cap{float:left;text-align:center;line-height:1;font-size:50px}.elementor-widget-text-editor .elementor-drop-cap-letter{display:inline-block}<\/style>\t\t\t\t\n          <p>Pol\u00edtica de cookies da **Charm Holidays Rentals**<\/p>\n          \n\n          <p>\n            <span style=\"font-weight: inherit; color: var(--rh-global-color-text);\">Na Charm Holidays Rentals, utilizamos cookies e outras tecnologias semelhantes para melhorar a tua experi\u00eancia no nosso s\u00edtio Web, fornecer funcionalidades adicionais e analisar o tr\u00e1fego. Esta Pol\u00edtica de Cookies explica o que s\u00e3o cookies, como os utilizamos e as op\u00e7\u00f5es que tens para os gerir.<\/span>\n            <br>\n          <\/p>\n          \n\n          <p>\n            <span style=\"font-weight: inherit; color: var(--rh-global-color-text);\">**O que s\u00e3o cookies?<\/span>\n          <\/p>\n          \n\n          <p>\n            <span style=\"color: var(--rh-global-color-text); font-weight: inherit;\">Os cookies s\u00e3o pequenos ficheiros de texto armazenados no teu dispositivo (computador, tablet, smartphone) quando visitas um s\u00edtio Web. Estes ficheiros permitem que o s\u00edtio Web reconhe\u00e7a o teu dispositivo numa futura visita, facilitando a navega\u00e7\u00e3o e proporcionando uma experi\u00eancia mais personalizada.<\/span>\n          <\/p>\n          \n\n          <p>**Tipos de cookies que utilizamos<\/p>\n          \n\n          <p>\n            <span style=\"color: var(--rh-global-color-text); font-weight: inherit;\">Utilizamos v\u00e1rios tipos de cookies no nosso s\u00edtio Web:<\/span>\n          <\/p>\n          \n\n          <p>1. **Cookies essenciais: Estes cookies s\u00e3o necess\u00e1rios para o funcionamento do site e permitem-te utilizar as suas funcionalidades b\u00e1sicas, como por exemplo aceder a \u00e1reas seguras do site. Sem estes cookies, alguns servi\u00e7os n\u00e3o podem ser prestados.<\/p>\n          \n\n          <p>2. **Cookies de desempenho: Estes cookies recolhem informa\u00e7\u00f5es sobre a forma como os visitantes utilizam o nosso s\u00edtio Web, tais como as p\u00e1ginas que visitam mais frequentemente e se recebem mensagens de erro. As informa\u00e7\u00f5es recolhidas s\u00e3o agregadas e an\u00f3nimas e s\u00f3 s\u00e3o utilizadas para melhorar o funcionamento do s\u00edtio.<\/p>\n          \n\n          <p>3. **Cookies funcionais: Estes cookies permitem que o site se lembre das escolhas que fazes, como o teu nome de utilizador, a l\u00edngua ou a regi\u00e3o em que te encontras, proporcionando funcionalidades melhoradas e mais personalizadas.<\/p>\n          \n\n          <p>\n            <br>\n          <\/p>\n          \n\n          <p>4. **Cookies de publicidade**: Estes cookies s\u00e3o utilizados para fornecer an\u00fancios que s\u00e3o mais relevantes para ti e para os teus interesses. S\u00e3o tamb\u00e9m utilizados para limitar o n\u00famero de vezes que v\u00eas um an\u00fancio, bem como para ajudar a medir a efic\u00e1cia das campanhas publicit\u00e1rias.<\/p>\n          \n\n          <p>**Gest\u00e3o de cookies<\/p>\n          \n\n          <p>Podes gerir as tuas prefer\u00eancias de cookies atrav\u00e9s das defini\u00e7\u00f5es do teu browser. A maioria dos browsers permite-te recusar ou aceitar cookies, bem como apagar os cookies j\u00e1 armazenados no teu dispositivo. Tem em aten\u00e7\u00e3o que, se optares por desativar os cookies, algumas funcionalidades do nosso s\u00edtio Web poder\u00e3o n\u00e3o funcionar corretamente.<\/p>\n          \n\n          <p>Para mais informa\u00e7\u00f5es sobre como gerir os cookies no teu browser, consulta as liga\u00e7\u00f5es abaixo:<\/p>\n          \n\n          <p>\n            <span style=\"font-weight: inherit; color: var(--rh-global-color-text);\">&#8211; [Google Chrome](https:\/\/support.google.com\/chrome\/answer\/95647?hl=pt)<\/span>\n            <br>\n          <\/p>\n          \n\n          <p>&#8211; Mozilla Firefox](https:\/\/support.mozilla.org\/pt-PT\/kb\/ativar-desativar-cookies-websites-utilizam-rastrear-preferencias)<\/p>\n          \n\n          <p>&#8211; Microsoft Edge](https:\/\/support.microsoft.com\/pt-pt\/help\/4027947\/microsoft-edge-delete-cookies)<\/p>\n          \n\n          <p>&#8211; Safari](https:\/\/support.apple.com\/pt-pt\/guide\/safari\/sfri11471\/mac)<\/p>\n          \n\n          <p>\n            <span style=\"font-weight: inherit; color: var(--rh-global-color-text);\">**Altera\u00e7\u00f5es a esta Pol\u00edtica de Cookies**<\/span>\n            <br>\n          <\/p>\n          \n\n          <p>Podemos atualizar esta Pol\u00edtica de Cookies periodicamente para refletir altera\u00e7\u00f5es nas nossas pr\u00e1ticas de utiliza\u00e7\u00e3o de cookies. Recomendamos que revejas esta pol\u00edtica regularmente para te manteres informado sobre a forma como utilizamos os cookies.<\/p>\n          \n\n          <p>**Contacta-nos<\/p>\n          \n\n          <p>Se tiveres alguma d\u00favida ou preocupa\u00e7\u00e3o sobre a nossa utiliza\u00e7\u00e3o de cookies, n\u00e3o hesites em contactar-nos atrav\u00e9s de charmholidaysrentals@gmail.com ou +351 963 679 656<\/p>\n          \n\n          <p><\/p>\n          \n\n          <p>Charm Holidays Rentals &#8211; a tua experi\u00eancia online, melhorada e segura.<\/p>\n        \t\t\t\t\t\t<\/div>\n\t\t\t\t<\/div>\n\t\t\t\t\t<\/div>\n\t\t<\/div>\n\t\t\t\t\t<\/div>\n\t\t<\/section>\n\t\t\t\t<\/div>\n\t\t","protected":false},"excerpt":{"rendered":"<p>Pol\u00edtica de cookies da **Charm Holidays Rentals** Na Charm Holidays Rentals, utilizamos cookies e outras tecnologias semelhantes para melhorar a tua experi\u00eancia no nosso s\u00edtio Web, fornecer funcionalidades adicionais e analisar o tr\u00e1fego. Esta Pol\u00edtica de Cookies explica o que s\u00e3o cookies, como os utilizamos e as op\u00e7\u00f5es que tens para os gerir. **O que&#8230;<\/p>\n","protected":false},"author":1,"featured_media":0,"parent":0,"menu_order":0,"comment_status":"closed","ping_status":"closed","template":"","meta":{"footnotes":""},"class_list":["post-8709","page","type-page","status-publish","hentry"],"_links":{"self":[{"href":"https:\/\/charmholidaysrentals.pt\/pt-pt\/wp-json\/wp\/v2\/pages\/8709","targetHints":{"allow":["GET"]}}],"collection":[{"href":"https:\/\/charmholidaysrentals.pt\/pt-pt\/wp-json\/wp\/v2\/pages"}],"about":[{"href":"https:\/\/charmholidaysrentals.pt\/pt-pt\/wp-json\/wp\/v2\/types\/page"}],"author":[{"embeddable":true,"href":"https:\/\/charmholidaysrentals.pt\/pt-pt\/wp-json\/wp\/v2\/users\/1"}],"replies":[{"embeddable":true,"href":"https:\/\/charmholidaysrentals.pt\/pt-pt\/wp-json\/wp\/v2\/comments?post=8709"}],"version-history":[{"count":2,"href":"https:\/\/charmholidaysrentals.pt\/pt-pt\/wp-json\/wp\/v2\/pages\/8709\/revisions"}],"predecessor-version":[{"id":9442,"href":"https:\/\/charmholidaysrentals.pt\/pt-pt\/wp-json\/wp\/v2\/pages\/8709\/revisions\/9442"}],"wp:attachment":[{"href":"https:\/\/charmholidaysrentals.pt\/pt-pt\/wp-json\/wp\/v2\/media?parent=8709"}],"curies":[{"name":"wp","href":"https:\/\/api.w.org\/{rel}","templated":true}]}}