{"id":8698,"date":"2024-05-20T00:03:10","date_gmt":"2024-05-20T00:03:10","guid":{"rendered":"https:\/\/charmholidaysrentals.pt\/cookies\/"},"modified":"2024-11-05T10:48:37","modified_gmt":"2024-11-05T10:48:37","slug":"cookies-2","status":"publish","type":"page","link":"https:\/\/charmholidaysrentals.pt\/pt-pt\/cookies-2\/","title":{"rendered":"Cookies"},"content":{"rendered":"\t\t<div data-elementor-type=\"wp-page\" data-elementor-id=\"8698\" class=\"elementor elementor-8698 elementor-8653\">\n\t\t\t\t\t\t<section class=\"elementor-section elementor-top-section elementor-element elementor-element-604e900 elementor-section-boxed elementor-section-height-default elementor-section-height-default\" data-id=\"604e900\" data-element_type=\"section\">\n\t\t\t\t\t\t<div class=\"elementor-container elementor-column-gap-default\">\n\t\t\t\t\t<div class=\"elementor-column elementor-col-100 elementor-top-column elementor-element elementor-element-6aa6895\" data-id=\"6aa6895\" data-element_type=\"column\">\n\t\t\t<div class=\"elementor-widget-wrap elementor-element-populated\">\n\t\t\t\t\t\t<div class=\"elementor-element elementor-element-658a41c elementor-widget elementor-widget-text-editor\" data-id=\"658a41c\" data-element_type=\"widget\" data-widget_type=\"text-editor.default\">\n\t\t\t\t<div class=\"elementor-widget-container\">\n\t\t\t<style>\/*! elementor - v3.21.0 - 08-05-2024 *\/\n.elementor-widget-text-editor.elementor-drop-cap-view-stacked .elementor-drop-cap{background-color:#69727d;color:#fff}.elementor-widget-text-editor.elementor-drop-cap-view-framed .elementor-drop-cap{color:#69727d;border:3px solid;background-color:transparent}.elementor-widget-text-editor:not(.elementor-drop-cap-view-default) .elementor-drop-cap{margin-top:8px}.elementor-widget-text-editor:not(.elementor-drop-cap-view-default) .elementor-drop-cap-letter{width:1em;height:1em}.elementor-widget-text-editor .elementor-drop-cap{float:left;text-align:center;line-height:1;font-size:50px}.elementor-widget-text-editor .elementor-drop-cap-letter{display:inline-block}<\/style>\t\t\t\t<p>****Pol\u00edtica de Cookies da Charm Holidays Rentals**<\/p>\n<p>Na Charm Holidays Rentals, utilizamos cookies e outras tecnologias semelhantes para melhorar a sua experi\u00eancia no nosso website, fornecer funcionalidades adicionais e analisar o tr\u00e1fego. Esta Pol\u00edtica de Cookies explica o que s\u00e3o cookies, como os utilizamos e as op\u00e7\u00f5es que tem \u00e0 sua disposi\u00e7\u00e3o para os gerir.<\/p>\n<p>**O que s\u00e3o Cookies?<\/p>\n<p>\n            <span style=\"font-weight: inherit; color: var(--rh-global-color-text);\">Os cookies s\u00e3o pequenos ficheiros de texto armazenados no seu dispositivo (computador, tablet, smartphone) quando visita um website. Estes ficheiros permitem que o website reconhe\u00e7a o seu dispositivo numa visita futura, facilitando a navega\u00e7\u00e3o e proporcionando uma experi\u00eancia mais personalizada.<\/span><br \/>\n            \n          <\/p>\n<p>**Tipos de Cookies que Utilizamos**<\/p>\n<p>Utilizamos v\u00e1rios tipos de cookies no nosso site:<\/p>\n<p>\n            <span style=\"font-weight: inherit; color: var(--rh-global-color-text);\">1. **Cookies Essenciais**: Estes cookies s\u00e3o necess\u00e1rios para o funcionamento do site e permitem-lhe utilizar as suas funcionalidades b\u00e1sicas, como aceder a \u00e1reas seguras do site. Sem estes cookies, alguns servi\u00e7os n\u00e3o podem ser fornecidos.<\/span><br \/>\n            \n          <\/p>\n<p>2. **Cookies de Desempenho**: Estes cookies recolhem informa\u00e7\u00f5es sobre como os visitantes utilizam o nosso website, como as p\u00e1ginas que visitam com mais frequ\u00eancia e se recebem mensagens de erro. As informa\u00e7\u00f5es recolhidas s\u00e3o agregadas e an\u00f3nimas, sendo utilizadas apenas para melhorar o funcionamento do site.<\/p>\n<p>3. **Cookies Funcionais**: Estes cookies permitem ao website registar as escolhas que faz, como o seu nome de utilizador, l\u00edngua ou regi\u00e3o em que se encontra, proporcionando funcionalidades melhoradas e mais personalizadas.<\/p>\n<p>4. **Cookies de Publicidade**: Estes cookies s\u00e3o utilizados para fornecer an\u00fancios mais relevantes para ti e para os teus interesses. Tamb\u00e9m s\u00e3o utilizados para limitar o n\u00famero de vezes que v\u00ea um an\u00fancio, bem como para ajudar a medir a efic\u00e1cia das campanhas publicit\u00e1rias.<\/p>\n<p>**Gest\u00e3o de Cookies**<\/p>\n<p>Pode gerir as suas prefer\u00eancias de cookies atrav\u00e9s das configura\u00e7\u00f5es do seu navegador. A maioria dos navegadores permite-lhe recusar ou aceitar cookies, bem como eliminar cookies j\u00e1 armazenados no seu dispositivo. Nota que, se optares por desativar os cookies, algumas funcionalidades do nosso site podem n\u00e3o funcionar corretamente.<\/p>\n<p>Para mais informa\u00e7\u00f5es sobre como gerir cookies no seu navegador, consulta os links abaixo:<\/p>\n<p>&#8211; [Google Chrome](https:\/\/support.google.com\/chrome\/answer\/95647?hl=pt)<\/p>\n<p>&#8211; [Mozilla Firefox](https:\/\/support.mozilla.org\/pt-PT\/kb\/ativar-desativar-cookies-websites-utilizam-rastrear-preferencias)<\/p>\n<p>&#8211; [Microsoft Edge](https:\/\/support.microsoft.com\/pt-pt\/help\/4027947\/microsoft-edge-delete-cookies)<\/p>\n<p>&#8211; [Safari](https:\/\/support.apple.com\/pt-pt\/guide\/safari\/sfri11471\/mac)<\/p>\n<p>**Altera\u00e7\u00f5es a esta Pol\u00edtica de Cookies**<\/p>\n<p>\n            <span style=\"color: var(--rh-global-color-text); font-weight: inherit;\">Podemos atualizar esta Pol\u00edtica de Cookies periodicamente para refletir mudan\u00e7as nas nossas pr\u00e1ticas de utiliza\u00e7\u00e3o de cookies. Recomendamos que revejas esta pol\u00edtica regularmente para te manteres informado sobre como utilizamos cookies.<\/span>\n          <\/p>\n<p>**Contacta-nos<\/p>\n<p>\n            <span style=\"color: var(--rh-global-color-text); font-weight: inherit;\">Se tiver alguma d\u00favida ou quest\u00e3o sobre a nossa utiliza\u00e7\u00e3o de cookies, n\u00e3o hesite em contactar-nos atrav\u00e9s do e-mail charmholidaysrentals.pt ou do n\u00famero de telefone +351 963 679 656<\/span>\n          <\/p>\n<p>\n            \n          <\/p>\n<p>Charm Holidays Rentals &#8211; a sua experi\u00eancia online, melhorada e segura.<\/p>\n\t\t\t\t\t\t<\/div>\n\t\t\t\t<\/div>\n\t\t\t\t\t<\/div>\n\t\t<\/div>\n\t\t\t\t\t<\/div>\n\t\t<\/section>\n\t\t\t\t<\/div>\n\t\t","protected":false},"excerpt":{"rendered":"<p>****Pol\u00edtica de Cookies da Charm Holidays Rentals** Na Charm Holidays Rentals, utilizamos cookies e outras tecnologias semelhantes para melhorar a sua experi\u00eancia no nosso website, fornecer funcionalidades adicionais e analisar o tr\u00e1fego. Esta Pol\u00edtica de Cookies explica o que s\u00e3o cookies, como os utilizamos e as op\u00e7\u00f5es que tem \u00e0 sua disposi\u00e7\u00e3o para os gerir&#8230;.<\/p>\n","protected":false},"author":1,"featured_media":0,"parent":0,"menu_order":0,"comment_status":"closed","ping_status":"closed","template":"","meta":{"footnotes":""},"class_list":["post-8698","page","type-page","status-publish","hentry"],"_links":{"self":[{"href":"https:\/\/charmholidaysrentals.pt\/pt-pt\/wp-json\/wp\/v2\/pages\/8698","targetHints":{"allow":["GET"]}}],"collection":[{"href":"https:\/\/charmholidaysrentals.pt\/pt-pt\/wp-json\/wp\/v2\/pages"}],"about":[{"href":"https:\/\/charmholidaysrentals.pt\/pt-pt\/wp-json\/wp\/v2\/types\/page"}],"author":[{"embeddable":true,"href":"https:\/\/charmholidaysrentals.pt\/pt-pt\/wp-json\/wp\/v2\/users\/1"}],"replies":[{"embeddable":true,"href":"https:\/\/charmholidaysrentals.pt\/pt-pt\/wp-json\/wp\/v2\/comments?post=8698"}],"version-history":[{"count":14,"href":"https:\/\/charmholidaysrentals.pt\/pt-pt\/wp-json\/wp\/v2\/pages\/8698\/revisions"}],"predecessor-version":[{"id":9436,"href":"https:\/\/charmholidaysrentals.pt\/pt-pt\/wp-json\/wp\/v2\/pages\/8698\/revisions\/9436"}],"wp:attachment":[{"href":"https:\/\/charmholidaysrentals.pt\/pt-pt\/wp-json\/wp\/v2\/media?parent=8698"}],"curies":[{"name":"wp","href":"https:\/\/api.w.org\/{rel}","templated":true}]}}