{"id":8567,"date":"2024-01-21T22:13:23","date_gmt":"2024-01-21T22:13:23","guid":{"rendered":"https:\/\/charmholidaysrentals.pt\/sobre\/"},"modified":"2024-11-05T10:48:35","modified_gmt":"2024-11-05T10:48:35","slug":"sobre","status":"publish","type":"page","link":"https:\/\/charmholidaysrentals.pt\/pt-pt\/sobre\/","title":{"rendered":"Sobre n\u00f3s"},"content":{"rendered":"\t\t<div data-elementor-type=\"wp-page\" data-elementor-id=\"8567\" class=\"elementor elementor-8567 elementor-7440\">\n\t\t\t\t\t\t<section class=\"elementor-section elementor-top-section elementor-element elementor-element-c1c284d elementor-section-boxed elementor-section-height-default elementor-section-height-default\" data-id=\"c1c284d\" data-element_type=\"section\" data-settings=\"{&quot;background_background&quot;:&quot;classic&quot;,&quot;shape_divider_bottom&quot;:&quot;wave-brush&quot;}\">\n\t\t\t\t\t<div class=\"elementor-shape elementor-shape-bottom\" data-negative=\"false\">\n\t\t\t<svg xmlns=\"http:\/\/www.w3.org\/2000\/svg\" viewBox=\"0 0 283.5 27.8\" preserveAspectRatio=\"none\">\n\t<path class=\"elementor-shape-fill\" d=\"M283.5,9.7c0,0-7.3,4.3-14,4.6c-6.8,0.3-12.6,0-20.9-1.5c-11.3-2-33.1-10.1-44.7-5.7\ts-12.1,4.6-18,7.4c-6.6,3.2-20,9.6-36.6,9.3C131.6,23.5,99.5,7.2,86.3,8c-1.4,0.1-6.6,0.8-10.5,2c-3.8,1.2-9.4,3.8-17,4.7\tc-3.2,0.4-8.3,1.1-14.2,0.9c-1.5-0.1-6.3-0.4-12-1.6c-5.7-1.2-11-3.1-15.8-3.7C6.5,9.2,0,10.8,0,10.8V0h283.5V9.7z M260.8,11.3\tc-0.7-1-2-0.4-4.3-0.4c-2.3,0-6.1-1.2-5.8-1.1c0.3,0.1,3.1,1.5,6,1.9C259.7,12.2,261.4,12.3,260.8,11.3z M242.4,8.6\tc0,0-2.4-0.2-5.6-0.9c-3.2-0.8-10.3-2.8-15.1-3.5c-8.2-1.1-15.8,0-15.1,0.1c0.8,0.1,9.6-0.6,17.6,1.1c3.3,0.7,9.3,2.2,12.4,2.7\tC239.9,8.7,242.4,8.6,242.4,8.6z M185.2,8.5c1.7-0.7-13.3,4.7-18.5,6.1c-2.1,0.6-6.2,1.6-10,2c-3.9,0.4-8.9,0.4-8.8,0.5\tc0,0.2,5.8,0.8,11.2,0c5.4-0.8,5.2-1.1,7.6-1.6C170.5,14.7,183.5,9.2,185.2,8.5z M199.1,6.9c0.2,0-0.8-0.4-4.8,1.1\tc-4,1.5-6.7,3.5-6.9,3.7c-0.2,0.1,3.5-1.8,6.6-3C197,7.5,199,6.9,199.1,6.9z M283,6c-0.1,0.1-1.9,1.1-4.8,2.5s-6.9,2.8-6.7,2.7\tc0.2,0,3.5-0.6,7.4-2.5C282.8,6.8,283.1,5.9,283,6z M31.3,11.6c0.1-0.2-1.9-0.2-4.5-1.2s-5.4-1.6-7.8-2C15,7.6,7.3,8.5,7.7,8.6\tC8,8.7,15.9,8.3,20.2,9.3c2.2,0.5,2.4,0.5,5.7,1.6S31.2,11.9,31.3,11.6z M73,9.2c0.4-0.1,3.5-1.6,8.4-2.6c4.9-1.1,8.9-0.5,8.9-0.8\tc0-0.3-1-0.9-6.2-0.3S72.6,9.3,73,9.2z M71.6,6.7C71.8,6.8,75,5.4,77.3,5c2.3-0.3,1.9-0.5,1.9-0.6c0-0.1-1.1-0.2-2.7,0.2\tC74.8,5.1,71.4,6.6,71.6,6.7z M93.6,4.4c0.1,0.2,3.5,0.8,5.6,1.8c2.1,1,1.8,0.6,1.9,0.5c0.1-0.1-0.8-0.8-2.4-1.3\tC97.1,4.8,93.5,4.2,93.6,4.4z M65.4,11.1c-0.1,0.3,0.3,0.5,1.9-0.2s2.6-1.3,2.2-1.2s-0.9,0.4-2.5,0.8C65.3,10.9,65.5,10.8,65.4,11.1\tz M34.5,12.4c-0.2,0,2.1,0.8,3.3,0.9c1.2,0.1,2,0.1,2-0.2c0-0.3-0.1-0.5-1.6-0.4C36.6,12.8,34.7,12.4,34.5,12.4z M152.2,21.1\tc-0.1,0.1-2.4-0.3-7.5-0.3c-5,0-13.6-2.4-17.2-3.5c-3.6-1.1,10,3.9,16.5,4.1C150.5,21.6,152.3,21,152.2,21.1z\"\/>\n\t<path class=\"elementor-shape-fill\" d=\"M269.6,18c-0.1-0.1-4.6,0.3-7.2,0c-7.3-0.7-17-3.2-16.6-2.9c0.4,0.3,13.7,3.1,17,3.3\tC267.7,18.8,269.7,18,269.6,18z\"\/>\n\t<path class=\"elementor-shape-fill\" d=\"M227.4,9.8c-0.2-0.1-4.5-1-9.5-1.2c-5-0.2-12.7,0.6-12.3,0.5c0.3-0.1,5.9-1.8,13.3-1.2\tS227.6,9.9,227.4,9.8z\"\/>\n\t<path class=\"elementor-shape-fill\" d=\"M204.5,13.4c-0.1-0.1,2-1,3.2-1.1c1.2-0.1,2,0,2,0.3c0,0.3-0.1,0.5-1.6,0.4\tC206.4,12.9,204.6,13.5,204.5,13.4z\"\/>\n\t<path class=\"elementor-shape-fill\" d=\"M201,10.6c0-0.1-4.4,1.2-6.3,2.2c-1.9,0.9-6.2,3.1-6.1,3.1c0.1,0.1,4.2-1.6,6.3-2.6\tS201,10.7,201,10.6z\"\/>\n\t<path class=\"elementor-shape-fill\" d=\"M154.5,26.7c-0.1-0.1-4.6,0.3-7.2,0c-7.3-0.7-17-3.2-16.6-2.9c0.4,0.3,13.7,3.1,17,3.3\tC152.6,27.5,154.6,26.8,154.5,26.7z\"\/>\n\t<path class=\"elementor-shape-fill\" d=\"M41.9,19.3c0,0,1.2-0.3,2.9-0.1c1.7,0.2,5.8,0.9,8.2,0.7c4.2-0.4,7.4-2.7,7-2.6\tc-0.4,0-4.3,2.2-8.6,1.9c-1.8-0.1-5.1-0.5-6.7-0.4S41.9,19.3,41.9,19.3z\"\/>\n\t<path class=\"elementor-shape-fill\" d=\"M75.5,12.6c0.2,0.1,2-0.8,4.3-1.1c2.3-0.2,2.1-0.3,2.1-0.5c0-0.1-1.8-0.4-3.4,0\tC76.9,11.5,75.3,12.5,75.5,12.6z\"\/>\n\t<path class=\"elementor-shape-fill\" d=\"M15.6,13.2c0-0.1,4.3,0,6.7,0.5c2.4,0.5,5,1.9,5,2c0,0.1-2.7-0.8-5.1-1.4\tC19.9,13.7,15.7,13.3,15.6,13.2z\"\/>\n<\/svg>\t\t<\/div>\n\t\t\t\t\t<div class=\"elementor-container elementor-column-gap-default\">\n\t\t\t\t\t<div class=\"elementor-column elementor-col-100 elementor-top-column elementor-element elementor-element-d72967c\" data-id=\"d72967c\" data-element_type=\"column\">\n\t\t\t<div class=\"elementor-widget-wrap elementor-element-populated\">\n\t\t\t\t\t\t<div class=\"elementor-element elementor-element-d0afcf8 elementor-widget elementor-widget-heading\" data-id=\"d0afcf8\" data-element_type=\"widget\" data-widget_type=\"heading.default\">\n\t\t\t\t<div class=\"elementor-widget-container\">\n\t\t\t<style>\/*! elementor - v3.21.0 - 08-05-2024 *\/\n.elementor-heading-title{padding:0;margin:0;line-height:1}.elementor-widget-heading .elementor-heading-title[class*=elementor-size-]>a{color:inherit;font-size:inherit;line-height:inherit}.elementor-widget-heading .elementor-heading-title.elementor-size-small{font-size:15px}.elementor-widget-heading .elementor-heading-title.elementor-size-medium{font-size:19px}.elementor-widget-heading .elementor-heading-title.elementor-size-large{font-size:29px}.elementor-widget-heading .elementor-heading-title.elementor-size-xl{font-size:39px}.elementor-widget-heading .elementor-heading-title.elementor-size-xxl{font-size:59px}<\/style><h2 class=\"elementor-heading-title elementor-size-default\">Sobre n\u00f3s<\/h2>\t\t<\/div>\n\t\t\t\t<\/div>\n\t\t\t\t\t<\/div>\n\t\t<\/div>\n\t\t\t\t\t<\/div>\n\t\t<\/section>\n\t\t\t\t<section class=\"elementor-section elementor-top-section elementor-element elementor-element-b88bb99 elementor-section-boxed elementor-section-height-default elementor-section-height-default\" data-id=\"b88bb99\" data-element_type=\"section\">\n\t\t\t\t\t\t<div class=\"elementor-container elementor-column-gap-default\">\n\t\t\t\t\t<div class=\"elementor-column elementor-col-50 elementor-top-column elementor-element elementor-element-01d983f\" data-id=\"01d983f\" data-element_type=\"column\">\n\t\t\t<div class=\"elementor-widget-wrap elementor-element-populated\">\n\t\t\t\t\t\t<div class=\"elementor-element elementor-element-efcf5ec elementor-widget elementor-widget-heading\" data-id=\"efcf5ec\" data-element_type=\"widget\" data-widget_type=\"heading.default\">\n\t\t\t\t<div class=\"elementor-widget-container\">\n\t\t\t<h2 class=\"elementor-heading-title elementor-size-default\">Bem-vindo \u00e0 Charm Holidays Rental.<\/h2>\t\t<\/div>\n\t\t\t\t<\/div>\n\t\t\t\t<div class=\"elementor-element elementor-element-2d05842 elementor-widget elementor-widget-text-editor\" data-id=\"2d05842\" data-element_type=\"widget\" data-widget_type=\"text-editor.default\">\n\t\t\t\t<div class=\"elementor-widget-container\">\n\t\t\t<style>\/*! elementor - v3.21.0 - 08-05-2024 *\/\n.elementor-widget-text-editor.elementor-drop-cap-view-stacked .elementor-drop-cap{background-color:#69727d;color:#fff}.elementor-widget-text-editor.elementor-drop-cap-view-framed .elementor-drop-cap{color:#69727d;border:3px solid;background-color:transparent}.elementor-widget-text-editor:not(.elementor-drop-cap-view-default) .elementor-drop-cap{margin-top:8px}.elementor-widget-text-editor:not(.elementor-drop-cap-view-default) .elementor-drop-cap-letter{width:1em;height:1em}.elementor-widget-text-editor .elementor-drop-cap{float:left;text-align:center;line-height:1;font-size:50px}.elementor-widget-text-editor .elementor-drop-cap-letter{display:inline-block}<\/style>\t\t\t\t<p>A sua porta de entrada para experi\u00eancias de f\u00e9rias inesquec\u00edveis! Fundada em 2015, orgulhamo-nos de oferecer alojamento excecional e servi\u00e7o personalizado a todos os nossos visitantes. <\/p>\n<\/p>\n<p>Na Charm Holidays Rental, a nossa miss\u00e3o \u00e9 elevar a tua experi\u00eancia de viagem, fornecendo moradias meticulosamente seleccionadas que incorporam a ess\u00eancia do charme e da sofistica\u00e7\u00e3o.<\/p>\n\t\t\t\t\t\t<\/div>\n\t\t\t\t<\/div>\n\t\t\t\t\t<\/div>\n\t\t<\/div>\n\t\t\t\t<div class=\"elementor-column elementor-col-50 elementor-top-column elementor-element elementor-element-f133488\" data-id=\"f133488\" data-element_type=\"column\">\n\t\t\t<div class=\"elementor-widget-wrap elementor-element-populated\">\n\t\t\t\t\t\t<div class=\"elementor-element elementor-element-9429e1f elementor-widget elementor-widget-image\" data-id=\"9429e1f\" data-element_type=\"widget\" data-widget_type=\"image.default\">\n\t\t\t\t<div class=\"elementor-widget-container\">\n\t\t\t<style>\/*! elementor - v3.21.0 - 08-05-2024 *\/\n.elementor-widget-image{text-align:center}.elementor-widget-image a{display:inline-block}.elementor-widget-image a img[src$=\".svg\"]{width:48px}.elementor-widget-image img{vertical-align:middle;display:inline-block}<\/style>\t\t\t\t\t\t\t\t\t\t<img fetchpriority=\"high\" decoding=\"async\" width=\"1300\" height=\"866\" src=\"https:\/\/charmholidaysrentals.pt\/wp-content\/uploads\/2024\/01\/mulher-turista-com-chapeu-branco-andando-pelas-ruas-estreitas-de-portugal-ferias-de-verao-min.jpg\" class=\"attachment-full size-full wp-image-7447\" alt=\"\" srcset=\"https:\/\/charmholidaysrentals.pt\/wp-content\/uploads\/2024\/01\/mulher-turista-com-chapeu-branco-andando-pelas-ruas-estreitas-de-portugal-ferias-de-verao-min.jpg 1300w, https:\/\/charmholidaysrentals.pt\/wp-content\/uploads\/2024\/01\/mulher-turista-com-chapeu-branco-andando-pelas-ruas-estreitas-de-portugal-ferias-de-verao-min-300x200.jpg 300w, https:\/\/charmholidaysrentals.pt\/wp-content\/uploads\/2024\/01\/mulher-turista-com-chapeu-branco-andando-pelas-ruas-estreitas-de-portugal-ferias-de-verao-min-1024x682.jpg 1024w, https:\/\/charmholidaysrentals.pt\/wp-content\/uploads\/2024\/01\/mulher-turista-com-chapeu-branco-andando-pelas-ruas-estreitas-de-portugal-ferias-de-verao-min-768x512.jpg 768w, https:\/\/charmholidaysrentals.pt\/wp-content\/uploads\/2024\/01\/mulher-turista-com-chapeu-branco-andando-pelas-ruas-estreitas-de-portugal-ferias-de-verao-min-150x100.jpg 150w, https:\/\/charmholidaysrentals.pt\/wp-content\/uploads\/2024\/01\/mulher-turista-com-chapeu-branco-andando-pelas-ruas-estreitas-de-portugal-ferias-de-verao-min-488x326.jpg 488w\" sizes=\"(max-width: 1300px) 100vw, 1300px\" \/>\t\t\t\t\t\t\t\t\t\t\t\t\t<\/div>\n\t\t\t\t<\/div>\n\t\t\t\t\t<\/div>\n\t\t<\/div>\n\t\t\t\t\t<\/div>\n\t\t<\/section>\n\t\t\t\t<section class=\"elementor-section elementor-top-section elementor-element elementor-element-25dcbf9 elementor-section-boxed elementor-section-height-default elementor-section-height-default\" data-id=\"25dcbf9\" data-element_type=\"section\">\n\t\t\t\t\t\t<div class=\"elementor-container elementor-column-gap-default\">\n\t\t\t\t\t<div class=\"elementor-column elementor-col-50 elementor-top-column elementor-element elementor-element-8c3ad78\" data-id=\"8c3ad78\" data-element_type=\"column\">\n\t\t\t<div class=\"elementor-widget-wrap elementor-element-populated\">\n\t\t\t\t\t\t<div class=\"elementor-element elementor-element-9506f99 elementor-widget elementor-widget-image\" data-id=\"9506f99\" data-element_type=\"widget\" data-widget_type=\"image.default\">\n\t\t\t\t<div class=\"elementor-widget-container\">\n\t\t\t\t\t\t\t\t\t\t\t\t\t<img decoding=\"async\" width=\"828\" height=\"828\" src=\"https:\/\/charmholidaysrentals.pt\/wp-content\/uploads\/2024\/01\/PHOTO-2023-05-20-14-53-27-1024x1024.jpg\" class=\"attachment-large size-large wp-image-7411\" alt=\"\" srcset=\"https:\/\/charmholidaysrentals.pt\/wp-content\/uploads\/2024\/01\/PHOTO-2023-05-20-14-53-27-1024x1024.jpg 1024w, https:\/\/charmholidaysrentals.pt\/wp-content\/uploads\/2024\/01\/PHOTO-2023-05-20-14-53-27-300x300.jpg 300w, https:\/\/charmholidaysrentals.pt\/wp-content\/uploads\/2024\/01\/PHOTO-2023-05-20-14-53-27-150x150.jpg 150w, https:\/\/charmholidaysrentals.pt\/wp-content\/uploads\/2024\/01\/PHOTO-2023-05-20-14-53-27-768x768.jpg 768w, https:\/\/charmholidaysrentals.pt\/wp-content\/uploads\/2024\/01\/PHOTO-2023-05-20-14-53-27-210x210.jpg 210w, https:\/\/charmholidaysrentals.pt\/wp-content\/uploads\/2024\/01\/PHOTO-2023-05-20-14-53-27.jpg 1536w\" sizes=\"(max-width: 828px) 100vw, 828px\" \/>\t\t\t\t\t\t\t\t\t\t\t\t\t<\/div>\n\t\t\t\t<\/div>\n\t\t\t\t\t<\/div>\n\t\t<\/div>\n\t\t\t\t<div class=\"elementor-column elementor-col-50 elementor-top-column elementor-element elementor-element-543d684\" data-id=\"543d684\" data-element_type=\"column\">\n\t\t\t<div class=\"elementor-widget-wrap elementor-element-populated\">\n\t\t\t\t\t\t<div class=\"elementor-element elementor-element-dc37b55 elementor-widget elementor-widget-heading\" data-id=\"dc37b55\" data-element_type=\"widget\" data-widget_type=\"heading.default\">\n\t\t\t\t<div class=\"elementor-widget-container\">\n\t\t\t<h2 class=\"elementor-heading-title elementor-size-default\">Acreditamos que<\/h2>\t\t<\/div>\n\t\t\t\t<\/div>\n\t\t\t\t<div class=\"elementor-element elementor-element-b1861c7 elementor-widget elementor-widget-text-editor\" data-id=\"b1861c7\" data-element_type=\"widget\" data-widget_type=\"text-editor.default\">\n\t\t\t\t<div class=\"elementor-widget-container\">\n\t\t\t\t\t\t\t<p>Acreditamos que as suas f\u00e9rias devem ser mais do que apenas uma escapadela; devem ser uma cole\u00e7\u00e3o de momentos incr\u00edveis e mem\u00f3rias \u00fanicas.<\/p>\n<p>\n            <span style=\"font-size: 17px;\">Com uma equipa experiente dedicada \u00e0 hospitalidade e uma profunda<\/span><br \/>\n            <br style=\"font-size: 17px;\"><br \/>\n            <span style=\"font-size: 17px;\">Somos uma ag\u00eancia especializada em proporcionar experi\u00eancias de f\u00e9rias \u00fanicas e memor\u00e1veis, adaptadas aos seus desejos e prefer\u00eancias. A nossa miss\u00e3o \u00e9 garantir que as suas f\u00e9rias no Algarve sejam repletas de conforto, relaxamento e momentos inesquec\u00edveis. <\/span>\n          <\/p>\n<p>\n            <span style=\"font-size: 17px;\">Os membros da nossa equipa s\u00e3o apaixonados por criar experi\u00eancias perfeitas e personalizadas para cada h\u00f3spede.<\/span>\n          <\/p>\n<p>A nossa equipa de concierge est\u00e1 ao teu servi\u00e7o para organizar experi\u00eancias personalizadas, recomendar j\u00f3ias locais e atender a todas as suas necessidades.<\/p>\n<\/p>\n<p>O seu conforto e a sua satisfa\u00e7\u00e3o s\u00e3o as nossas principais prioridades.<\/p>\n\t\t\t\t\t\t<\/div>\n\t\t\t\t<\/div>\n\t\t\t\t\t<\/div>\n\t\t<\/div>\n\t\t\t\t\t<\/div>\n\t\t<\/section>\n\t\t\t\t<section class=\"elementor-section elementor-top-section elementor-element elementor-element-405d355 elementor-section-boxed elementor-section-height-default elementor-section-height-default\" data-id=\"405d355\" data-element_type=\"section\">\n\t\t\t\t\t\t<div class=\"elementor-container elementor-column-gap-default\">\n\t\t\t\t\t<div class=\"elementor-column elementor-col-50 elementor-top-column elementor-element elementor-element-dd31fd7\" data-id=\"dd31fd7\" data-element_type=\"column\">\n\t\t\t<div class=\"elementor-widget-wrap elementor-element-populated\">\n\t\t\t\t\t\t<div class=\"elementor-element elementor-element-8880ac6 elementor-widget elementor-widget-heading\" data-id=\"8880ac6\" data-element_type=\"widget\" data-widget_type=\"heading.default\">\n\t\t\t\t<div class=\"elementor-widget-container\">\n\t\t\t<h2 class=\"elementor-heading-title elementor-size-default\">Alojamento local<\/h2>\t\t<\/div>\n\t\t\t\t<\/div>\n\t\t\t\t<div class=\"elementor-element elementor-element-f5c9ed4 elementor-widget elementor-widget-text-editor\" data-id=\"f5c9ed4\" data-element_type=\"widget\" data-widget_type=\"text-editor.default\">\n\t\t\t\t<div class=\"elementor-widget-container\">\n\t\t\t\t\t\t\t<p>Desfrute do nosso portf\u00f3lio de moradias cuidadosamente seleccionadas, cada uma oferecendo uma mistura \u00fanica de conforto, estilo e comodidades modernas. Desde piscinas privadas e vistas deslumbrantes a interiores meticulosamente concebidos, os nossos alojamentos s\u00e3o um testemunho do nosso compromisso com a excel\u00eancia.<\/p>\n<\/p>\n<p>Compreendemos que cada viajante \u00e9 \u00fanico, assim como as suas prefer\u00eancias. A nossa equipa est\u00e1 ao teu servi\u00e7o para organizar experi\u00eancias personalizadas, recomendar j\u00f3ias locais e responder a todas as suas necessidades. O seu conforto e a sua satisfa\u00e7\u00e3o s\u00e3o as nossas principais prioridades.<\/p>\n\t\t\t\t\t\t<\/div>\n\t\t\t\t<\/div>\n\t\t\t\t\t<\/div>\n\t\t<\/div>\n\t\t\t\t<div class=\"elementor-column elementor-col-50 elementor-top-column elementor-element elementor-element-02ccbb1\" data-id=\"02ccbb1\" data-element_type=\"column\">\n\t\t\t<div class=\"elementor-widget-wrap elementor-element-populated\">\n\t\t\t\t\t\t<div class=\"elementor-element elementor-element-6388fc4 elementor-widget elementor-widget-image\" data-id=\"6388fc4\" data-element_type=\"widget\" data-widget_type=\"image.default\">\n\t\t\t\t<div class=\"elementor-widget-container\">\n\t\t\t\t\t\t\t\t\t\t\t\t\t<img decoding=\"async\" width=\"960\" height=\"720\" src=\"https:\/\/charmholidaysrentals.pt\/wp-content\/uploads\/2023\/07\/4-8.jpg\" class=\"attachment-full size-full wp-image-7298\" alt=\"\" srcset=\"https:\/\/charmholidaysrentals.pt\/wp-content\/uploads\/2023\/07\/4-8.jpg 960w, https:\/\/charmholidaysrentals.pt\/wp-content\/uploads\/2023\/07\/4-8-300x225.jpg 300w, https:\/\/charmholidaysrentals.pt\/wp-content\/uploads\/2023\/07\/4-8-768x576.jpg 768w, https:\/\/charmholidaysrentals.pt\/wp-content\/uploads\/2023\/07\/4-8-150x113.jpg 150w, https:\/\/charmholidaysrentals.pt\/wp-content\/uploads\/2023\/07\/4-8-680x510.jpg 680w\" sizes=\"(max-width: 960px) 100vw, 960px\" \/>\t\t\t\t\t\t\t\t\t\t\t\t\t<\/div>\n\t\t\t\t<\/div>\n\t\t\t\t\t<\/div>\n\t\t<\/div>\n\t\t\t\t\t<\/div>\n\t\t<\/section>\n\t\t\t\t<section class=\"elementor-section elementor-top-section elementor-element elementor-element-45d9b90 elementor-section-boxed elementor-section-height-default elementor-section-height-default\" data-id=\"45d9b90\" data-element_type=\"section\">\n\t\t\t\t\t\t<div class=\"elementor-container elementor-column-gap-default\">\n\t\t\t\t\t<div class=\"elementor-column elementor-col-100 elementor-top-column elementor-element elementor-element-374f489\" data-id=\"374f489\" data-element_type=\"column\">\n\t\t\t<div class=\"elementor-widget-wrap elementor-element-populated\">\n\t\t\t\t\t\t<div class=\"elementor-element elementor-element-10123ec elementor-widget elementor-widget-heading\" data-id=\"10123ec\" data-element_type=\"widget\" data-widget_type=\"heading.default\">\n\t\t\t\t<div class=\"elementor-widget-container\">\n\t\t\t<h2 class=\"elementor-heading-title elementor-size-default\">*Construindo mem\u00f3rias duradouras<\/h2>\t\t<\/div>\n\t\t\t\t<\/div>\n\t\t\t\t<div class=\"elementor-element elementor-element-d7c977e elementor-widget elementor-widget-text-editor\" data-id=\"d7c977e\" data-element_type=\"widget\" data-widget_type=\"text-editor.default\">\n\t\t\t\t<div class=\"elementor-widget-container\">\n\t\t\t\t\t\t\tMais do que apenas um lugar para ficar, a Charm Holidays Rental \u00e9 sobre a cria\u00e7\u00e3o de momentos que perduram. Descubra o Algarve com a Charm Holidays e deixe-nos transformar as suas f\u00e9rias num conjunto de momentos inesquec\u00edveis.\n<br><br>\nObrigado por considerar a Charm Holidays Rental para a sua pr\u00f3xima escapadela. Acreditamos que cada viagem \u00e9 uma nova hist\u00f3ria por descobrir e estamos aqui para ajud\u00e1-lo a escrever a sua. \n<br><br>\nEmbarque numa viagem de eleg\u00e2ncia e conforto com o Charm Holidays Rental. A sua fuga extraordin\u00e1ria come\u00e7a aqui.\t\t\t\t\t\t<\/div>\n\t\t\t\t<\/div>\n\t\t\t\t\t<\/div>\n\t\t<\/div>\n\t\t\t\t\t<\/div>\n\t\t<\/section>\n\t\t\t\t<\/div>\n\t\t","protected":false},"excerpt":{"rendered":"<p>Sobre n\u00f3s Bem-vindo \u00e0 Charm Holidays Rental. A sua porta de entrada para experi\u00eancias de f\u00e9rias inesquec\u00edveis! Fundada em 2015, orgulhamo-nos de oferecer alojamento excecional e servi\u00e7o personalizado a todos os nossos visitantes. Na Charm Holidays Rental, a nossa miss\u00e3o \u00e9 elevar a tua experi\u00eancia de viagem, fornecendo moradias meticulosamente seleccionadas que incorporam a ess\u00eancia&#8230;<\/p>\n","protected":false},"author":1,"featured_media":0,"parent":0,"menu_order":0,"comment_status":"closed","ping_status":"closed","template":"elementor_header_footer","meta":{"footnotes":""},"class_list":["post-8567","page","type-page","status-publish","hentry"],"_links":{"self":[{"href":"https:\/\/charmholidaysrentals.pt\/pt-pt\/wp-json\/wp\/v2\/pages\/8567","targetHints":{"allow":["GET"]}}],"collection":[{"href":"https:\/\/charmholidaysrentals.pt\/pt-pt\/wp-json\/wp\/v2\/pages"}],"about":[{"href":"https:\/\/charmholidaysrentals.pt\/pt-pt\/wp-json\/wp\/v2\/types\/page"}],"author":[{"embeddable":true,"href":"https:\/\/charmholidaysrentals.pt\/pt-pt\/wp-json\/wp\/v2\/users\/1"}],"replies":[{"embeddable":true,"href":"https:\/\/charmholidaysrentals.pt\/pt-pt\/wp-json\/wp\/v2\/comments?post=8567"}],"version-history":[{"count":7,"href":"https:\/\/charmholidaysrentals.pt\/pt-pt\/wp-json\/wp\/v2\/pages\/8567\/revisions"}],"predecessor-version":[{"id":9440,"href":"https:\/\/charmholidaysrentals.pt\/pt-pt\/wp-json\/wp\/v2\/pages\/8567\/revisions\/9440"}],"wp:attachment":[{"href":"https:\/\/charmholidaysrentals.pt\/pt-pt\/wp-json\/wp\/v2\/media?parent=8567"}],"curies":[{"name":"wp","href":"https:\/\/api.w.org\/{rel}","templated":true}]}}