{"id":8553,"date":"2017-06-23T12:03:36","date_gmt":"2017-06-23T12:03:36","guid":{"rendered":"https:\/\/charmholidaysrentals.pt\/?page_id=8553"},"modified":"2024-11-05T10:48:37","modified_gmt":"2024-11-05T10:48:37","slug":"home","status":"publish","type":"page","link":"https:\/\/charmholidaysrentals.pt\/pt-pt\/","title":{"rendered":"Casa"},"content":{"rendered":"\t\t<div data-elementor-type=\"wp-post\" data-elementor-id=\"8553\" class=\"elementor elementor-8553 elementor-105\">\n\t\t\t\t\t\t<section class=\"elementor-section elementor-top-section elementor-element elementor-element-5879c7b elementor-section-stretched elementor-hidden-desktop elementor-hidden-tablet elementor-hidden-mobile elementor-section-boxed elementor-section-height-default elementor-section-height-default\" data-id=\"5879c7b\" data-element_type=\"section\" data-settings=\"{&quot;stretch_section&quot;:&quot;section-stretched&quot;}\">\n\t\t\t\t\t\t<div class=\"elementor-container elementor-column-gap-no\">\n\t\t\t\t\t<div class=\"elementor-column elementor-col-100 elementor-top-column elementor-element elementor-element-446c7f6\" data-id=\"446c7f6\" data-element_type=\"column\">\n\t\t\t<div class=\"elementor-widget-wrap\">\n\t\t\t\t\t\t\t<\/div>\n\t\t<\/div>\n\t\t\t\t\t<\/div>\n\t\t<\/section>\n\t\t\t\t<section class=\"elementor-section elementor-top-section elementor-element elementor-element-aa8e6c7 elementor-section-height-full elementor-section-stretched elementor-section-boxed elementor-section-height-default elementor-section-items-middle\" data-id=\"aa8e6c7\" data-element_type=\"section\" data-settings=\"{&quot;stretch_section&quot;:&quot;section-stretched&quot;,&quot;background_background&quot;:&quot;video&quot;,&quot;background_video_link&quot;:&quot;https:\\\/\\\/charmholidaysrentals.pt\\\/wp-content\\\/uploads\\\/2024\\\/06\\\/Albufeira.mp4&quot;,&quot;background_play_on_mobile&quot;:&quot;yes&quot;}\">\n\t\t\t\t\t\t\t\t<div class=\"elementor-background-video-container\">\n\t\t\t\t\t\t\t\t\t\t\t\t\t<video class=\"elementor-background-video-hosted elementor-html5-video\" autoplay muted playsinline loop><\/video>\n\t\t\t\t\t\t\t\t\t\t\t<\/div>\n\t\t\t\t\t\t\t\t\t<div class=\"elementor-background-overlay\"><\/div>\n\t\t\t\t\t\t\t<div class=\"elementor-container elementor-column-gap-default\">\n\t\t\t\t\t<div class=\"elementor-column elementor-col-100 elementor-top-column elementor-element elementor-element-f3d0a4c\" data-id=\"f3d0a4c\" data-element_type=\"column\">\n\t\t\t<div class=\"elementor-widget-wrap elementor-element-populated\">\n\t\t\t\t\t\t<div class=\"elementor-element elementor-element-78de268 elementor-widget elementor-widget-heading\" data-id=\"78de268\" data-element_type=\"widget\" data-widget_type=\"heading.default\">\n\t\t\t\t<div class=\"elementor-widget-container\">\n\t\t\t<style>\/*! elementor - v3.21.0 - 08-05-2024 *\/\n.elementor-heading-title{padding:0;margin:0;line-height:1}.elementor-widget-heading .elementor-heading-title[class*=elementor-size-]>a{color:inherit;font-size:inherit;line-height:inherit}.elementor-widget-heading .elementor-heading-title.elementor-size-small{font-size:15px}.elementor-widget-heading .elementor-heading-title.elementor-size-medium{font-size:19px}.elementor-widget-heading .elementor-heading-title.elementor-size-large{font-size:29px}.elementor-widget-heading .elementor-heading-title.elementor-size-xl{font-size:39px}.elementor-widget-heading .elementor-heading-title.elementor-size-xxl{font-size:59px}<\/style><h1 class=\"elementor-heading-title elementor-size-default\">Bem-vindo ao nosso fant\u00e1stico  <br>S\u00edtio Web do sector imobili\u00e1rio<\/h1>\t\t<\/div>\n\t\t\t\t<\/div>\n\t\t\t\t<div class=\"elementor-element elementor-element-3fc78ad elementor-widget elementor-widget-text-editor\" data-id=\"3fc78ad\" data-element_type=\"widget\" data-widget_type=\"text-editor.default\">\n\t\t\t\t<div class=\"elementor-widget-container\">\n\t\t\t<style>\/*! elementor - v3.21.0 - 08-05-2024 *\/\n.elementor-widget-text-editor.elementor-drop-cap-view-stacked .elementor-drop-cap{background-color:#69727d;color:#fff}.elementor-widget-text-editor.elementor-drop-cap-view-framed .elementor-drop-cap{color:#69727d;border:3px solid;background-color:transparent}.elementor-widget-text-editor:not(.elementor-drop-cap-view-default) .elementor-drop-cap{margin-top:8px}.elementor-widget-text-editor:not(.elementor-drop-cap-view-default) .elementor-drop-cap-letter{width:1em;height:1em}.elementor-widget-text-editor .elementor-drop-cap{float:left;text-align:center;line-height:1;font-size:50px}.elementor-widget-text-editor .elementor-drop-cap-letter{display:inline-block}<\/style>\t\t\t\t<p>Procura o teu im\u00f3vel ideal? Come\u00e7a com o formul\u00e1rio de pesquisa de propriedades!<\/p>\n\t\t\t\t\t\t<\/div>\n\t\t\t\t<\/div>\n\t\t\t\t\t<\/div>\n\t\t<\/div>\n\t\t\t\t\t<\/div>\n\t\t<\/section>\n\t\t\t\t<section class=\"elementor-section elementor-top-section elementor-element elementor-element-54b77b0 elementor-section-stretched elementor-section-boxed elementor-section-height-default elementor-section-height-default\" data-id=\"54b77b0\" data-element_type=\"section\" data-settings=\"{&quot;stretch_section&quot;:&quot;section-stretched&quot;,&quot;background_background&quot;:&quot;classic&quot;}\">\n\t\t\t\t\t\t<div class=\"elementor-container elementor-column-gap-no\">\n\t\t\t\t\t<div class=\"elementor-column elementor-col-100 elementor-top-column elementor-element elementor-element-1629adb0\" data-id=\"1629adb0\" data-element_type=\"column\">\n\t\t\t<div class=\"elementor-widget-wrap\">\n\t\t\t\t\t\t\t<\/div>\n\t\t<\/div>\n\t\t\t\t\t<\/div>\n\t\t<\/section>\n\t\t\t\t<section class=\"elementor-section elementor-top-section elementor-element elementor-element-21837cc7 elementor-section-full_width elementor-section-stretched elementor-section-height-default elementor-section-height-default\" data-id=\"21837cc7\" data-element_type=\"section\" data-settings=\"{&quot;stretch_section&quot;:&quot;section-stretched&quot;,&quot;animation&quot;:&quot;none&quot;}\">\n\t\t\t\t\t\t<div class=\"elementor-container elementor-column-gap-no\">\n\t\t\t\t\t<div class=\"elementor-column elementor-col-100 elementor-top-column elementor-element elementor-element-6c8e7e03\" data-id=\"6c8e7e03\" data-element_type=\"column\">\n\t\t\t<div class=\"elementor-widget-wrap\">\n\t\t\t\t\t\t\t<\/div>\n\t\t<\/div>\n\t\t\t\t\t<\/div>\n\t\t<\/section>\n\t\t\t\t<section class=\"elementor-section elementor-top-section elementor-element elementor-element-7f07b45 elementor-section-stretched elementor-section-boxed elementor-section-height-default elementor-section-height-default\" data-id=\"7f07b45\" data-element_type=\"section\" data-settings=\"{&quot;stretch_section&quot;:&quot;section-stretched&quot;,&quot;background_background&quot;:&quot;classic&quot;}\">\n\t\t\t\t\t\t<div class=\"elementor-container elementor-column-gap-no\">\n\t\t\t\t\t<div class=\"elementor-column elementor-col-100 elementor-top-column elementor-element elementor-element-c27b341\" data-id=\"c27b341\" data-element_type=\"column\">\n\t\t\t<div class=\"elementor-widget-wrap elementor-element-populated\">\n\t\t\t\t\t\t<section class=\"elementor-section elementor-inner-section elementor-element elementor-element-e17d61e elementor-section-boxed elementor-section-height-default elementor-section-height-default\" data-id=\"e17d61e\" data-element_type=\"section\">\n\t\t\t\t\t\t<div class=\"elementor-container elementor-column-gap-default\">\n\t\t\t\t\t<div class=\"elementor-column elementor-col-50 elementor-inner-column elementor-element elementor-element-3b4e746\" data-id=\"3b4e746\" data-element_type=\"column\">\n\t\t\t<div class=\"elementor-widget-wrap elementor-element-populated\">\n\t\t\t\t\t\t<div class=\"elementor-element elementor-element-760dc5a elementor-widget elementor-widget-text-editor\" data-id=\"760dc5a\" data-element_type=\"widget\" data-widget_type=\"text-editor.default\">\n\t\t\t\t<div class=\"elementor-widget-container\">\n\t\t\t\t\t\t\t<p>Conhece a Cl\u00e1udia, o cora\u00e7\u00e3o e a alma por detr\u00e1s da tua encantadora estadia no Charm Holidays Rentals. Com um comportamento caloroso e acolhedor, a Cl\u00e1udia encarna o esp\u00edrito da hospitalidade, assegurando que cada h\u00f3spede se sente n\u00e3o s\u00f3 acomodado, mas verdadeiramente cuidado.<\/p>\n<p>A sua paix\u00e3o por criar experi\u00eancias memor\u00e1veis reflecte-se na aten\u00e7\u00e3o meticulosa aos detalhes que d\u00e1 a cada moradia. A Claudia vai muito al\u00e9m para criar um ambiente de conforto e eleg\u00e2ncia, transformando cada espa\u00e7o num ref\u00fagio de charme.<\/p>\n<p>Como tua anfitri\u00e3, a Claudia \u00e9 uma guia conhecedora das j\u00f3ias locais e dos tesouros culturais, sempre pronta a partilhar dicas e recomenda\u00e7\u00f5es para uma experi\u00eancia aut\u00eantica. A sua dedica\u00e7\u00e3o ao teu bem-estar \u00e9 evidente no servi\u00e7o personalizado que presta, assegurando que a tua estadia excede as expectativas.<\/p>\n<p>Quer se trate de um gesto atencioso \u00e0 chegada, de um itiner\u00e1rio cuidadosamente elaborado ou de uma cara amiga pronta a ajudar, o empenho da Claudia em tornar a tua estadia extraordin\u00e1ria prepara o terreno para uma escapadela inesquec\u00edvel. Deixa que a Cl\u00e1udia seja o teu guia enquanto mergulhas no encanto do Charm Holidays Rentals, onde cada momento \u00e9 um testemunho da sua genu\u00edna hospitalidade.<\/p>\n\t\t\t\t\t\t<\/div>\n\t\t\t\t<\/div>\n\t\t\t\t\t<\/div>\n\t\t<\/div>\n\t\t\t\t<div class=\"elementor-column elementor-col-50 elementor-inner-column elementor-element elementor-element-d38daac\" data-id=\"d38daac\" data-element_type=\"column\">\n\t\t\t<div class=\"elementor-widget-wrap elementor-element-populated\">\n\t\t\t\t\t\t<div class=\"elementor-element elementor-element-37f75e9 elementor-widget elementor-widget-image\" data-id=\"37f75e9\" data-element_type=\"widget\" data-widget_type=\"image.default\">\n\t\t\t\t<div class=\"elementor-widget-container\">\n\t\t\t<style>\/*! elementor - v3.21.0 - 08-05-2024 *\/\n.elementor-widget-image{text-align:center}.elementor-widget-image a{display:inline-block}.elementor-widget-image a img[src$=\".svg\"]{width:48px}.elementor-widget-image img{vertical-align:middle;display:inline-block}<\/style>\t\t\t\t\t\t\t\t\t\t<img fetchpriority=\"high\" decoding=\"async\" width=\"1536\" height=\"1536\" src=\"https:\/\/charmholidaysrentals.pt\/wp-content\/uploads\/2024\/01\/PHOTO-2023-05-20-14-53-27.jpg\" class=\"attachment-full size-full wp-image-7411\" alt=\"\" srcset=\"https:\/\/charmholidaysrentals.pt\/wp-content\/uploads\/2024\/01\/PHOTO-2023-05-20-14-53-27.jpg 1536w, https:\/\/charmholidaysrentals.pt\/wp-content\/uploads\/2024\/01\/PHOTO-2023-05-20-14-53-27-300x300.jpg 300w, https:\/\/charmholidaysrentals.pt\/wp-content\/uploads\/2024\/01\/PHOTO-2023-05-20-14-53-27-1024x1024.jpg 1024w, https:\/\/charmholidaysrentals.pt\/wp-content\/uploads\/2024\/01\/PHOTO-2023-05-20-14-53-27-150x150.jpg 150w, https:\/\/charmholidaysrentals.pt\/wp-content\/uploads\/2024\/01\/PHOTO-2023-05-20-14-53-27-768x768.jpg 768w, https:\/\/charmholidaysrentals.pt\/wp-content\/uploads\/2024\/01\/PHOTO-2023-05-20-14-53-27-210x210.jpg 210w\" sizes=\"(max-width: 1536px) 100vw, 1536px\" \/>\t\t\t\t\t\t\t\t\t\t\t\t\t<\/div>\n\t\t\t\t<\/div>\n\t\t\t\t\t<\/div>\n\t\t<\/div>\n\t\t\t\t\t<\/div>\n\t\t<\/section>\n\t\t\t\t\t<\/div>\n\t\t<\/div>\n\t\t\t\t\t<\/div>\n\t\t<\/section>\n\t\t\t\t<section class=\"elementor-section elementor-top-section elementor-element elementor-element-45ddcf0d elementor-section-stretched elementor-hidden-desktop elementor-hidden-tablet elementor-hidden-mobile elementor-section-boxed elementor-section-height-default elementor-section-height-default\" data-id=\"45ddcf0d\" data-element_type=\"section\" data-settings=\"{&quot;stretch_section&quot;:&quot;section-stretched&quot;,&quot;background_background&quot;:&quot;classic&quot;,&quot;animation&quot;:&quot;none&quot;}\">\n\t\t\t\t\t\t<div class=\"elementor-container elementor-column-gap-no\">\n\t\t\t\t\t<div class=\"elementor-column elementor-col-100 elementor-top-column elementor-element elementor-element-c7a489a\" data-id=\"c7a489a\" data-element_type=\"column\">\n\t\t\t<div class=\"elementor-widget-wrap\">\n\t\t\t\t\t\t\t<\/div>\n\t\t<\/div>\n\t\t\t\t\t<\/div>\n\t\t<\/section>\n\t\t\t\t<section class=\"elementor-section elementor-top-section elementor-element elementor-element-5443fe52 elementor-section-stretched elementor-section-boxed elementor-section-height-default elementor-section-height-default\" data-id=\"5443fe52\" data-element_type=\"section\" data-settings=\"{&quot;stretch_section&quot;:&quot;section-stretched&quot;,&quot;background_background&quot;:&quot;classic&quot;}\">\n\t\t\t\t\t\t<div class=\"elementor-container elementor-column-gap-no\">\n\t\t\t\t\t<div class=\"elementor-column elementor-col-100 elementor-top-column elementor-element elementor-element-7e49d7ef\" data-id=\"7e49d7ef\" data-element_type=\"column\">\n\t\t\t<div class=\"elementor-widget-wrap elementor-element-populated\">\n\t\t\t\t\t\t<section class=\"elementor-section elementor-inner-section elementor-element elementor-element-8e8a15f elementor-section-full_width elementor-section-height-default elementor-section-height-default\" data-id=\"8e8a15f\" data-element_type=\"section\">\n\t\t\t\t\t\t<div class=\"elementor-container elementor-column-gap-wider\">\n\t\t\t\t\t<div class=\"elementor-column elementor-col-33 elementor-inner-column elementor-element elementor-element-d37e353\" data-id=\"d37e353\" data-element_type=\"column\" data-settings=\"{&quot;animation&quot;:&quot;none&quot;}\">\n\t\t\t<div class=\"elementor-widget-wrap elementor-element-populated\">\n\t\t\t\t\t\t<div class=\"elementor-element elementor-element-06c1b11 elementor-position-top elementor-widget elementor-widget-image-box\" data-id=\"06c1b11\" data-element_type=\"widget\" data-widget_type=\"image-box.default\">\n\t\t\t\t<div class=\"elementor-widget-container\">\n\t\t\t<style>\/*! elementor - v3.21.0 - 08-05-2024 *\/\n.elementor-widget-image-box .elementor-image-box-content{width:100%}@media (min-width:768px){.elementor-widget-image-box.elementor-position-left .elementor-image-box-wrapper,.elementor-widget-image-box.elementor-position-right .elementor-image-box-wrapper{display:flex}.elementor-widget-image-box.elementor-position-right .elementor-image-box-wrapper{text-align:end;flex-direction:row-reverse}.elementor-widget-image-box.elementor-position-left .elementor-image-box-wrapper{text-align:start;flex-direction:row}.elementor-widget-image-box.elementor-position-top .elementor-image-box-img{margin:auto}.elementor-widget-image-box.elementor-vertical-align-top .elementor-image-box-wrapper{align-items:flex-start}.elementor-widget-image-box.elementor-vertical-align-middle .elementor-image-box-wrapper{align-items:center}.elementor-widget-image-box.elementor-vertical-align-bottom .elementor-image-box-wrapper{align-items:flex-end}}@media (max-width:767px){.elementor-widget-image-box .elementor-image-box-img{margin-left:auto!important;margin-right:auto!important;margin-bottom:15px}}.elementor-widget-image-box .elementor-image-box-img{display:inline-block}.elementor-widget-image-box .elementor-image-box-title a{color:inherit}.elementor-widget-image-box .elementor-image-box-wrapper{text-align:center}.elementor-widget-image-box .elementor-image-box-description{margin:0}<\/style><div class=\"elementor-image-box-wrapper\"><figure class=\"elementor-image-box-img\"><img decoding=\"async\" src=\"https:\/\/charmholidaysrentals.pt\/wp-content\/uploads\/elementor\/thumbs\/Charm-Holidays-Icon-Site-01-qnk2cewtdostkxioflgl710mkepvtniyb6aevwlda8.png\" title=\"Charm Holidays &#8211; Icon Site-01\" alt=\"Charm Holidays - Icon Site-01\" class=\"elementor-animation-grow\" loading=\"lazy\" \/><\/figure><div class=\"elementor-image-box-content\"><h3 class=\"elementor-image-box-title\">Reservas<\/h3><p class=\"elementor-image-box-description\">Planear as tuas f\u00e9rias de sonho \u00e9 f\u00e1cil com os nossos servi\u00e7os de reserva. Quer tenhas uma moradia espec\u00edfica em mente ou precises de ajuda para escolher o alojamento perfeito, a nossa equipa de reservas est\u00e1 pronta para te ajudar a garantir o espa\u00e7o ideal para a tua estadia.<\/p><\/div><\/div>\t\t<\/div>\n\t\t\t\t<\/div>\n\t\t\t\t\t<\/div>\n\t\t<\/div>\n\t\t\t\t<div class=\"elementor-column elementor-col-33 elementor-inner-column elementor-element elementor-element-0f96e21\" data-id=\"0f96e21\" data-element_type=\"column\" data-settings=\"{&quot;animation&quot;:&quot;none&quot;}\">\n\t\t\t<div class=\"elementor-widget-wrap elementor-element-populated\">\n\t\t\t\t\t\t<div class=\"elementor-element elementor-element-6b9a9d03 elementor-position-top elementor-widget elementor-widget-image-box\" data-id=\"6b9a9d03\" data-element_type=\"widget\" data-widget_type=\"image-box.default\">\n\t\t\t\t<div class=\"elementor-widget-container\">\n\t\t\t<div class=\"elementor-image-box-wrapper\"><figure class=\"elementor-image-box-img\"><img decoding=\"async\" src=\"https:\/\/charmholidaysrentals.pt\/wp-content\/uploads\/elementor\/thumbs\/Charm-Holidays-Icon-Site-02-qnk2cmfjecdsx3bweyui28ofrwp50v04ob665lb3c2.png\" title=\"Charm Holidays &#8211; Icon Site-02\" alt=\"Charm Holidays - Icon Site-02\" class=\"elementor-animation-grow\" loading=\"lazy\" \/><\/figure><div class=\"elementor-image-box-content\"><h3 class=\"elementor-image-box-title\">Assist\u00eancia 24 horas<\/h3><p class=\"elementor-image-box-description\">Fica descansado sabendo que o nosso apoio est\u00e1 dispon\u00edvel 24 horas por dia. A nossa assist\u00eancia 24 horas por dia garante que quaisquer quest\u00f5es, preocupa\u00e7\u00f5es ou necessidades inesperadas s\u00e3o prontamente resolvidas, proporcionando-te paz de esp\u00edrito e uma sensa\u00e7\u00e3o de seguran\u00e7a durante a tua estadia.<\/p><\/div><\/div>\t\t<\/div>\n\t\t\t\t<\/div>\n\t\t\t\t\t<\/div>\n\t\t<\/div>\n\t\t\t\t<div class=\"elementor-column elementor-col-33 elementor-inner-column elementor-element elementor-element-d655bf1\" data-id=\"d655bf1\" data-element_type=\"column\" data-settings=\"{&quot;animation&quot;:&quot;none&quot;}\">\n\t\t\t<div class=\"elementor-widget-wrap elementor-element-populated\">\n\t\t\t\t\t\t<div class=\"elementor-element elementor-element-ddef481 elementor-position-top elementor-widget elementor-widget-image-box\" data-id=\"ddef481\" data-element_type=\"widget\" data-widget_type=\"image-box.default\">\n\t\t\t\t<div class=\"elementor-widget-container\">\n\t\t\t<div class=\"elementor-image-box-wrapper\"><figure class=\"elementor-image-box-img\"><img decoding=\"async\" src=\"https:\/\/charmholidaysrentals.pt\/wp-content\/uploads\/elementor\/thumbs\/Charm-Holidays-Icon-Site-03-qnk2cuw2lvep2avguad8vezgnyj4giae1ddo1lxocg.png\" title=\"Charm Holidays &#8211; Icon Site-03\" alt=\"Charm Holidays - Icon Site-03\" class=\"elementor-animation-grow\" loading=\"lazy\" \/><\/figure><div class=\"elementor-image-box-content\"><h3 class=\"elementor-image-box-title\">Check-in\/out<\/h3><p class=\"elementor-image-box-description\">\u00c0 tua chegada, a nossa equipa simp\u00e1tica e profissional estar\u00e1 pronta para te receber na tua casa longe de casa.\nBasta informares-nos da tua hora de partida, resolveres os detalhes pendentes e deixares o resto connosco.  <\/p><\/div><\/div>\t\t<\/div>\n\t\t\t\t<\/div>\n\t\t\t\t\t<\/div>\n\t\t<\/div>\n\t\t\t\t\t<\/div>\n\t\t<\/section>\n\t\t\t\t<section class=\"elementor-section elementor-inner-section elementor-element elementor-element-41a6c91 elementor-section-full_width elementor-section-height-default elementor-section-height-default\" data-id=\"41a6c91\" data-element_type=\"section\" data-settings=\"{&quot;animation&quot;:&quot;none&quot;}\">\n\t\t\t\t\t\t<div class=\"elementor-container elementor-column-gap-wider\">\n\t\t\t\t\t<div class=\"elementor-column elementor-col-33 elementor-inner-column elementor-element elementor-element-629ed1c\" data-id=\"629ed1c\" data-element_type=\"column\">\n\t\t\t<div class=\"elementor-widget-wrap elementor-element-populated\">\n\t\t\t\t\t\t<div class=\"elementor-element elementor-element-5450ecc elementor-position-top elementor-widget elementor-widget-image-box\" data-id=\"5450ecc\" data-element_type=\"widget\" data-widget_type=\"image-box.default\">\n\t\t\t\t<div class=\"elementor-widget-container\">\n\t\t\t<div class=\"elementor-image-box-wrapper\"><figure class=\"elementor-image-box-img\"><img decoding=\"async\" src=\"https:\/\/charmholidaysrentals.pt\/wp-content\/uploads\/elementor\/thumbs\/Charm-Holidays-Icon-Site-04-qnk2d3cmbdq9ysj6gw0vzuum0fdfds7z2j91d3l4sg.png\" title=\"Charm Holidays &#8211; Icon Site-04\" alt=\"Charm Holidays - Icon Site-04\" class=\"elementor-animation-grow\" loading=\"lazy\" \/><\/figure><div class=\"elementor-image-box-content\"><h3 class=\"elementor-image-box-title\">  Manuten\u00e7\u00e3o<\/h3><p class=\"elementor-image-box-description\">O nosso compromisso com a excel\u00eancia estende-se \u00e0 manuten\u00e7\u00e3o das nossas propriedades. A nossa equipa especializada garante que cada moradia est\u00e1 em condi\u00e7\u00f5es impec\u00e1veis, resolvendo prontamente quaisquer problemas para proporcionar uma estadia perfeita e sem preocupa\u00e7\u00f5es.<\/p><\/div><\/div>\t\t<\/div>\n\t\t\t\t<\/div>\n\t\t\t\t\t<\/div>\n\t\t<\/div>\n\t\t\t\t<div class=\"elementor-column elementor-col-33 elementor-inner-column elementor-element elementor-element-339b502\" data-id=\"339b502\" data-element_type=\"column\">\n\t\t\t<div class=\"elementor-widget-wrap elementor-element-populated\">\n\t\t\t\t\t\t<div class=\"elementor-element elementor-element-b5949e1 elementor-position-top elementor-widget elementor-widget-image-box\" data-id=\"b5949e1\" data-element_type=\"widget\" data-widget_type=\"image-box.default\">\n\t\t\t\t<div class=\"elementor-widget-container\">\n\t\t\t<div class=\"elementor-image-box-wrapper\"><figure class=\"elementor-image-box-img\"><img decoding=\"async\" src=\"https:\/\/charmholidaysrentals.pt\/wp-content\/uploads\/elementor\/thumbs\/Charm-Holidays-Icon-Site-05-qnk2dfkis8705q1fhjb1e9rlqfp75ukhg7qclp30jk.png\" title=\"Charm Holidays &#8211; Icon Site-05\" alt=\"Charm Holidays - Icon Site-05\" class=\"elementor-animation-grow\" loading=\"lazy\" \/><\/figure><div class=\"elementor-image-box-content\"><h3 class=\"elementor-image-box-title\">Lavandaria<\/h3><p class=\"elementor-image-box-description\">A nossa aten\u00e7\u00e3o meticulosa aos detalhes garante que o teu alojamento \u00e9 sempre apresentado com os mais elevados padr\u00f5es de limpeza e conforto.<\/p><\/div><\/div>\t\t<\/div>\n\t\t\t\t<\/div>\n\t\t\t\t\t<\/div>\n\t\t<\/div>\n\t\t\t\t<div class=\"elementor-column elementor-col-33 elementor-inner-column elementor-element elementor-element-6db8d67\" data-id=\"6db8d67\" data-element_type=\"column\">\n\t\t\t<div class=\"elementor-widget-wrap elementor-element-populated\">\n\t\t\t\t\t\t<div class=\"elementor-element elementor-element-3071dcc elementor-position-top elementor-widget elementor-widget-image-box\" data-id=\"3071dcc\" data-element_type=\"widget\" data-widget_type=\"image-box.default\">\n\t\t\t\t<div class=\"elementor-widget-container\">\n\t\t\t<div class=\"elementor-image-box-wrapper\"><figure class=\"elementor-image-box-img\"><img decoding=\"async\" src=\"https:\/\/charmholidaysrentals.pt\/wp-content\/uploads\/elementor\/thumbs\/Charm-Holidays-Icon-Site-06-qnk2drsf92nqcnjoi6l6soolgg0yxwwztw7nuakwao.png\" title=\"Charm Holidays &#8211; Icon Site-06\" alt=\"Charm Holidays - Icon Site-06\" class=\"elementor-animation-grow\" loading=\"lazy\" \/><\/figure><div class=\"elementor-image-box-content\"><h3 class=\"elementor-image-box-title\">Limpeza<\/h3><p class=\"elementor-image-box-description\">Mergulha no luxo de um ambiente imaculado. A nossa equipa de limpeza dedicada cuida meticulosamente de todos os detalhes, garantindo que a tua villa est\u00e1 impec\u00e1vel, convidativa e pronta para relaxares e aproveitares ao m\u00e1ximo as tuas f\u00e9rias.\nOs servi\u00e7os de limpeza n\u00e3o est\u00e3o inclu\u00eddos durante a estadia.<\/p><\/div><\/div>\t\t<\/div>\n\t\t\t\t<\/div>\n\t\t\t\t\t<\/div>\n\t\t<\/div>\n\t\t\t\t\t<\/div>\n\t\t<\/section>\n\t\t\t\t\t<\/div>\n\t\t<\/div>\n\t\t\t\t\t<\/div>\n\t\t<\/section>\n\t\t\t\t<\/div>\n\t\t","protected":false},"excerpt":{"rendered":"<p>Recentes Propriedades V\u00ea alguns dos nossos \u00faltimos im\u00f3veis. Ver o im\u00f3vel Test SDsdvsdvdfbsdfghalksdkjgshdjfgjsdjsdjfghdfzvnxbjhsbdxsdfkasdlkslkdnjksdcvnxn x m xcnvbsdjfffffffffffffsdgkhsjkdhfkkkg jffffsskgjcdbvjhbcdvbsdbvdf Quartos 100 Casas de banho 100 \u00c1rea 11 Book Now Ver o im\u00f3vel Villa Ocean View Over the Sea &#8211; A Villa in private condominium with outdoor pool and garage for&hellip; Quartos 2 Casas de banho 3 For&#8230;<\/p>\n","protected":false},"author":1,"featured_media":0,"parent":0,"menu_order":0,"comment_status":"open","ping_status":"closed","template":"elementor_header_footer","meta":{"footnotes":""},"class_list":["post-8553","page","type-page","status-publish","hentry"],"_links":{"self":[{"href":"https:\/\/charmholidaysrentals.pt\/pt-pt\/wp-json\/wp\/v2\/pages\/8553","targetHints":{"allow":["GET"]}}],"collection":[{"href":"https:\/\/charmholidaysrentals.pt\/pt-pt\/wp-json\/wp\/v2\/pages"}],"about":[{"href":"https:\/\/charmholidaysrentals.pt\/pt-pt\/wp-json\/wp\/v2\/types\/page"}],"author":[{"embeddable":true,"href":"https:\/\/charmholidaysrentals.pt\/pt-pt\/wp-json\/wp\/v2\/users\/1"}],"replies":[{"embeddable":true,"href":"https:\/\/charmholidaysrentals.pt\/pt-pt\/wp-json\/wp\/v2\/comments?post=8553"}],"version-history":[{"count":36,"href":"https:\/\/charmholidaysrentals.pt\/pt-pt\/wp-json\/wp\/v2\/pages\/8553\/revisions"}],"predecessor-version":[{"id":9454,"href":"https:\/\/charmholidaysrentals.pt\/pt-pt\/wp-json\/wp\/v2\/pages\/8553\/revisions\/9454"}],"wp:attachment":[{"href":"https:\/\/charmholidaysrentals.pt\/pt-pt\/wp-json\/wp\/v2\/media?parent=8553"}],"curies":[{"name":"wp","href":"https:\/\/api.w.org\/{rel}","templated":true}]}}