{"id":8020,"date":"2017-06-27T12:43:06","date_gmt":"2017-06-27T12:43:06","guid":{"rendered":"https:\/\/charmholidaysrentals.pt\/faqs\/"},"modified":"2024-11-05T10:48:34","modified_gmt":"2024-11-05T10:48:34","slug":"faqs","status":"publish","type":"page","link":"https:\/\/charmholidaysrentals.pt\/pt-pt\/faqs\/","title":{"rendered":"FAQs"},"content":{"rendered":"\n          \n\n          <div class=\"wp-block-quick-and-easy-faqs-faqs-filterable-accordion\">\n                        <div class=\"qae-faqs-container qae-faqs-toggle-container\">\n\t\t\t\t\t\t\t<ul class=\"qe-faqs-filters-container\">\n\t\t\t\t<li class=\"active\"><a class=\"qe-faqs-filter all-faqs\" href=\"#\" data-filter=\"*\">All<\/a><\/li>\n\t\t\t\t<li><a class=\"qe-faqs-filter\" href=\"#escolher-um-imovel\" data-filter=\".escolher-um-imovel\">Escolher um im\u00f3vel<\/a><\/li><li><a class=\"qe-faqs-filter\" href=\"#faqs-sobre-agentes\" data-filter=\".faqs-sobre-agentes\">FAQs sobre agentes<\/a><\/li>\t\t\t<\/ul>\n\t\t\t\t\t<div id=\"qaef-7948\" class=\"qe-faq-toggle faqs-sobre-agentes\">\n\t\t\t<div class=\"qe-toggle-title\">\n\t\t\t\t<h4>\n\t\t\t\t\t<i class=\"fa fa-minus-circle\"><\/i> Como fa\u00e7o para efetuar uma reserva no Charm Holiday Villas?\t\t\t\t<\/h4>\n\t\t\t<\/div>\n\t\t\t<div class=\"qe-toggle-content\">\n\t\t\t\tPara garantir a tua estadia nas nossas encantadoras moradias, basta visitares o nosso site e seguires o processo de reserva f\u00e1cil. Podes tamb\u00e9m contactar o nosso servi\u00e7o de apoio ao cliente para obter assist\u00eancia.\t\t\t<\/div>\n\t\t<\/div>\n\t\t\t\t<div id=\"qaef-7958\" class=\"qe-faq-toggle faqs-sobre-agentes\">\n\t\t\t<div class=\"qe-toggle-title\">\n\t\t\t\t<h4>\n\t\t\t\t\t<i class=\"fa fa-minus-circle\"><\/i> Que comodidades est\u00e3o inclu\u00eddas nas Villas Charm Holidays?\t\t\t\t<\/h4>\n\t\t\t<\/div>\n\t\t\t<div class=\"qe-toggle-content\">\n\t\t\t\t<p>As nossas villas est\u00e3o equipadas com uma s\u00e9rie de comodidades luxuosas, incluindo piscinas privadas, cozinhas totalmente equipadas, Wi-Fi e muito mais. Consulta os detalhes espec\u00edficos da moradia no nosso site para obteres uma lista completa das caracter\u00edsticas.<\/p>\n\t\t\t<\/div>\n\t\t<\/div>\n\t\t\t\t<div id=\"qaef-7966\" class=\"qe-faq-toggle faqs-sobre-agentes\">\n\t\t\t<div class=\"qe-toggle-title\">\n\t\t\t\t<h4>\n\t\t\t\t\t<i class=\"fa fa-minus-circle\"><\/i> Animais de estima\u00e7\u00e3o s\u00e3o permitidos na Charm Holidays Villas?\t\t\t\t<\/h4>\n\t\t\t<\/div>\n\t\t\t<div class=\"qe-toggle-content\">\n\t\t\t\t<p>Compreendemos a import\u00e2ncia dos animais de estima\u00e7\u00e3o na tua fam\u00edlia. Por favor, consulta a listagem de cada villa para conheceres a nossa pol\u00edtica de animais de estima\u00e7\u00e3o.<\/p>\n<p>Algumas moradias podem acomodar animais de estima\u00e7\u00e3o, enquanto outras podem ter restri\u00e7\u00f5es.<\/p>\n\t\t\t<\/div>\n\t\t<\/div>\n\t\t\t\t<div id=\"qaef-7972\" class=\"qe-faq-toggle escolher-um-imovel\">\n\t\t\t<div class=\"qe-toggle-title\">\n\t\t\t\t<h4>\n\t\t\t\t\t<i class=\"fa fa-minus-circle\"><\/i> Qual \u00e9 a pol\u00edtica de cancelamento para Charm Holiday Villas?\t\t\t\t<\/h4>\n\t\t\t<\/div>\n\t\t\t<div class=\"qe-toggle-content\">\n\t\t\t\t<p>A nossa pol\u00edtica de cancelamento varia consoante o momento do cancelamento e a villa espec\u00edfica.<\/p>\n<p>L\u00ea os termos e condi\u00e7\u00f5es fornecidos durante o<\/p>\n\t\t\t<\/div>\n\t\t<\/div>\n\t\t\t\t<div id=\"qaef-7979\" class=\"qe-faq-toggle escolher-um-imovel\">\n\t\t\t<div class=\"qe-toggle-title\">\n\t\t\t\t<h4>\n\t\t\t\t\t<i class=\"fa fa-minus-circle\"><\/i> Existe um requisito de estadia m\u00ednima para o Charm Holiday Villas?\t\t\t\t<\/h4>\n\t\t\t<\/div>\n\t\t\t<div class=\"qe-toggle-content\">\n\t\t\t\t<p>O requisito de estadia m\u00ednima pode variar consoante a villa e a \u00e9poca do ano.<\/p>\n<p>Verifica os detalhes espec\u00edficos da villa no nosso site ou contacta a nossa equipa para obteres informa\u00e7\u00f5es sobre os requisitos de estadia m\u00ednima.<\/p>\n\t\t\t<\/div>\n\t\t<\/div>\n\t\t            <\/div>\n\t\t\n          <\/div>\n          \n\n        \n","protected":false},"excerpt":{"rendered":"","protected":false},"author":1,"featured_media":0,"parent":0,"menu_order":0,"comment_status":"closed","ping_status":"closed","template":"","meta":{"footnotes":""},"class_list":["post-8020","page","type-page","status-publish","hentry"],"_links":{"self":[{"href":"https:\/\/charmholidaysrentals.pt\/pt-pt\/wp-json\/wp\/v2\/pages\/8020","targetHints":{"allow":["GET"]}}],"collection":[{"href":"https:\/\/charmholidaysrentals.pt\/pt-pt\/wp-json\/wp\/v2\/pages"}],"about":[{"href":"https:\/\/charmholidaysrentals.pt\/pt-pt\/wp-json\/wp\/v2\/types\/page"}],"author":[{"embeddable":true,"href":"https:\/\/charmholidaysrentals.pt\/pt-pt\/wp-json\/wp\/v2\/users\/1"}],"replies":[{"embeddable":true,"href":"https:\/\/charmholidaysrentals.pt\/pt-pt\/wp-json\/wp\/v2\/comments?post=8020"}],"version-history":[{"count":2,"href":"https:\/\/charmholidaysrentals.pt\/pt-pt\/wp-json\/wp\/v2\/pages\/8020\/revisions"}],"predecessor-version":[{"id":9437,"href":"https:\/\/charmholidaysrentals.pt\/pt-pt\/wp-json\/wp\/v2\/pages\/8020\/revisions\/9437"}],"wp:attachment":[{"href":"https:\/\/charmholidaysrentals.pt\/pt-pt\/wp-json\/wp\/v2\/media?parent=8020"}],"curies":[{"name":"wp","href":"https:\/\/api.w.org\/{rel}","templated":true}]}}